{"id":2757,"date":"2022-10-03T09:50:17","date_gmt":"2022-10-03T07:50:17","guid":{"rendered":"https:\/\/positive-impacts.com\/?page_id=2757"},"modified":"2022-10-17T09:45:29","modified_gmt":"2022-10-17T07:45:29","slug":"pi-video-series","status":"publish","type":"page","link":"https:\/\/positive-impacts.com\/de\/pi-video-series\/","title":{"rendered":"PI Videoreihe"},"content":{"rendered":"<div class=\"banner has-hover Banner_weisse_Textbox has-parallax\" id=\"banner-1357623830\">\n          <div class=\"banner-inner fill\">\n        <div class=\"banner-bg fill\" data-parallax=\"-8.2\" data-parallax-container=\".banner\" data-parallax-background>\n            <img loading=\"lazy\" decoding=\"async\" width=\"1414\" height=\"2121\" src=\"https:\/\/positive-impacts.com\/wp-content\/uploads\/2022\/09\/iStock-853192610_L.jpg\" class=\"bg attachment-original size-original\" alt=\"\" \/>                                    \n                    <\/div>\n\t\t\n        <div class=\"banner-layers container\">\n            <div class=\"fill banner-link\"><\/div>            \n   <div id=\"text-box-1435053650\" class=\"text-box banner-layer x50 md-x50 lg-x50 y50 md-y50 lg-y50 res-text\">\n                     <div data-animate=\"fadeInUp\">           <div class=\"text-box-content text dark\">\n              \n              <div class=\"text-inner text-center\">\n                  \n\t<div id=\"text-3425522155\" class=\"text\">\n\t\t\n<h1 class=\"uppercase\"><span style=\"font-size: 50%; font-family: 'IBM Plex Serif';\" data-text-color=\"primary\">Entmystifizierung der Zusammenh\u00e4nge zwischen Nachhaltigkeit\/ESG und der Performance<\/span><\/h1>\n\t\t\n<style>\n#text-3425522155 {\n  font-size: 0.85rem;\n}\n<\/style>\n\t<\/div>\n\t\n              <\/div>\n           <\/div>\n       <\/div>                     \n<style>\n#text-box-1435053650 {\n  margin: 0px 0px 1px 0px;\n  width: 60%;\n}\n#text-box-1435053650 .text-box-content {\n  background-color: rgb(250, 246, 246);\n  border-radius: 500px;\n  font-size: 94%;\n}\n<\/style>\n    <\/div>\n \n        <\/div>\n      <\/div>\n\n            \n<style>\n#banner-1357623830 {\n  padding-top: 30%;\n}\n#banner-1357623830 .banner-bg img {\n  object-position: 91% 61%;\n}\n<\/style>\n  <\/div>\n\n\n\t<div id=\"gap-1482205132\" class=\"gap-element clearfix\" style=\"display:block; height:auto;\">\n\t\t\n<style>\n#gap-1482205132 {\n  padding-top: 30px;\n}\n<\/style>\n\t<\/div>\n\t\n<div class=\"slider-wrapper relative\" id=\"slider-848295462\" >\n    <div class=\"slider slider-nav-circle slider-nav-large slider-nav-light slider-style-normal\"\n        data-flickity-options='{            \"cellAlign\": \"center\",            \"imagesLoaded\": true,            \"lazyLoad\": 1,            \"freeScroll\": false,            \"wrapAround\": true,            \"autoPlay\": 6000,            \"pauseAutoPlayOnHover\" : true,            \"prevNextButtons\": true,            \"contain\" : true,            \"adaptiveHeight\" : true,            \"dragThreshold\" : 10,            \"percentPosition\": true,            \"pageDots\": true,            \"rightToLeft\": false,            \"draggable\": true,            \"selectedAttraction\": 0.1,            \"parallax\" : 0,            \"friction\": 0.6        }'\n        >\n        \n<div class=\"row\"  id=\"row-2114385859\">\n\n\t<div id=\"col-1944795954\" class=\"col small-12 large-12\"  >\n\t\t\t\t<div class=\"col-inner text-center\"  >\n\t\t\t\n\t\t\t\n<div class=\"container section-title-container\" ><h1 class=\"section-title section-title-center\"><b aria-hidden=\"true\"><\/b><span class=\"section-title-main\" >PI Videoserie<\/span><b aria-hidden=\"true\"><\/b><\/h1><\/div>\n\t<div id=\"gap-805218019\" class=\"gap-element clearfix\" style=\"display:block; height:auto;\">\n\t\t\n<style>\n#gap-805218019 {\n  padding-top: 30px;\n}\n<\/style>\n\t<\/div>\n\t\n<div class=\"row\"  id=\"row-1345064261\">\n\n\t<div id=\"col-1578728192\" class=\"col medium-6 small-12 large-6\"  >\n\t\t\t\t<div class=\"col-inner\"  >\n\t\t\t\n\t\t\t\n\t<div id=\"gap-2100566645\" class=\"gap-element clearfix\" style=\"display:block; height:auto;\">\n\t\t\n<style>\n#gap-2100566645 {\n  padding-top: 50px;\n}\n<\/style>\n\t<\/div>\n\t\n<div class=\"video video-fit mb\" style=\"padding-top:50%;\"><p><iframe loading=\"lazy\" title=\"Strategic Sustainability pays off\" width=\"1020\" height=\"574\" src=\"https:\/\/www.youtube.com\/embed\/CMnBDpyd4_A?feature=oembed\" frameborder=\"0\" allow=\"accelerometer; autoplay; clipboard-write; encrypted-media; gyroscope; picture-in-picture\" allowfullscreen><\/iframe><\/p>\n<\/div>\n\t\t<\/div>\n\t\t\t\t\t<\/div>\n\n\t\n\n\t<div id=\"col-1615253133\" class=\"col medium-6 small-12 large-6\"  >\n\t\t\t\t<div class=\"col-inner\"  >\n\t\t\t\n\t\t\t\n<h3>Strategisches Nachhaltigkeitsmanagement zahlt sich aus<\/h3>\n<p style=\"text-align: left;\">In dieser ersten Ausgabe der PI-Videoserie zeigen wir, wie Nachhaltigkeitsmanagement f\u00fcr Unternehmen von Vorteil sein kann:<\/p>\n<p style=\"text-align: left;\">&gt; Nachhaltigkeitsmanagement kann sich um 29 % positiv auf die Finanzergebnisse eines Unternehmens auswirken<\/p>\n<p style=\"text-align: left;\">&gt; Unternehmen m\u00fcssen das richtige Ambitionsniveau w\u00e4hlen, wenn es um die Strategie geht<\/p>\n<p style=\"text-align: left;\">&gt; Organisationen m\u00fcssen ein hohes Ma\u00df an Managementqualit\u00e4t aufrechterhalten, indem sie ihre Aktivit\u00e4ten konsistent auf das gew\u00e4hlte Ambitionsniveau ausrichten<\/p>\n\t\t<\/div>\n\t\t\t\t\t<\/div>\n\n\t\n<\/div>\n<div class=\"is-divider divider clearfix\" style=\"max-width:50000px;height:10px;background-color:rgb(0, 80, 100);\"><\/div>\n\t\t<\/div>\n\t\t\t\t\t<\/div>\n\n\t\n<\/div>\n     <\/div>\n\n     <div class=\"loading-spin dark large centered\"><\/div>\n\n\t<\/div>","protected":false},"excerpt":{"rendered":"","protected":false},"author":7,"featured_media":0,"parent":0,"menu_order":0,"comment_status":"closed","ping_status":"closed","template":"page-blank.php","meta":{"_acf_changed":false,"_seopress_robots_primary_cat":"","_seopress_titles_title":"","_seopress_titles_desc":"","_seopress_robots_index":"","footnotes":""},"class_list":["post-2757","page","type-page","status-publish","hentry"],"acf":[],"_links":{"self":[{"href":"https:\/\/positive-impacts.com\/de\/wp-json\/wp\/v2\/pages\/2757","targetHints":{"allow":["GET"]}}],"collection":[{"href":"https:\/\/positive-impacts.com\/de\/wp-json\/wp\/v2\/pages"}],"about":[{"href":"https:\/\/positive-impacts.com\/de\/wp-json\/wp\/v2\/types\/page"}],"author":[{"embeddable":true,"href":"https:\/\/positive-impacts.com\/de\/wp-json\/wp\/v2\/users\/7"}],"replies":[{"embeddable":true,"href":"https:\/\/positive-impacts.com\/de\/wp-json\/wp\/v2\/comments?post=2757"}],"version-history":[{"count":14,"href":"https:\/\/positive-impacts.com\/de\/wp-json\/wp\/v2\/pages\/2757\/revisions"}],"predecessor-version":[{"id":2795,"href":"https:\/\/positive-impacts.com\/de\/wp-json\/wp\/v2\/pages\/2757\/revisions\/2795"}],"wp:attachment":[{"href":"https:\/\/positive-impacts.com\/de\/wp-json\/wp\/v2\/media?parent=2757"}],"curies":[{"name":"wp","href":"https:\/\/api.w.org\/{rel}","templated":true}]}}