{"id":2839,"date":"2022-11-24T18:04:23","date_gmt":"2022-11-24T17:04:23","guid":{"rendered":"https:\/\/positive-impacts.com\/?page_id=2839"},"modified":"2022-11-25T16:54:52","modified_gmt":"2022-11-25T15:54:52","slug":"tbli","status":"publish","type":"page","link":"https:\/\/positive-impacts.com\/de\/tbli\/","title":{"rendered":"TBLI"},"content":{"rendered":"<div class=\"banner has-hover Banner_weisse_Textbox has-parallax\" id=\"banner-103674590\">\n          <div class=\"banner-inner fill\">\n        <div class=\"banner-bg fill\" data-parallax=\"-10\" data-parallax-container=\".banner\" data-parallax-background>\n            <img loading=\"lazy\" decoding=\"async\" width=\"1020\" height=\"680\" src=\"https:\/\/positive-impacts.com\/wp-content\/uploads\/2022\/08\/iStock-1038870630_L-1024x683.jpg\" class=\"bg attachment-large size-large\" alt=\"\" \/>                                    \n                    <\/div>\n\t\t\n        <div class=\"banner-layers container\">\n            <div class=\"fill banner-link\"><\/div>            \n   <div id=\"text-box-1240000103\" class=\"text-box banner-layer x50 md-x50 lg-x50 y50 md-y50 lg-y50 res-text\">\n                     <div data-animate=\"fadeInUp\">           <div class=\"text-box-content text dark\">\n              \n              <div class=\"text-inner text-center\">\n                  \n<h1 class=\"uppercase\"><span style=\"font-size: 50%; font-family: 'IBM Plex Serif';\" data-text-color=\"primary\">Der TBLI Better world prize <\/span><\/h1>\n<h3 class=\"uppercase\"><span style=\"font-size: 50%; font-family: 'IBM Plex Serif';\" data-text-color=\"primary\">prople&#8217;s Choice award for best esg\/impact measurement systen<\/span><\/h3>\n              <\/div>\n           <\/div>\n       <\/div>                     \n<style>\n#text-box-1240000103 .text-box-content {\n  background-color: rgb(250, 246, 246);\n  border-radius: 500px;\n  font-size: 100%;\n}\n#text-box-1240000103 {\n  width: 72%;\n}\n<\/style>\n    <\/div>\n \n        <\/div>\n      <\/div>\n\n            \n<style>\n#banner-103674590 {\n  padding-top: 30%;\n}\n#banner-103674590 .banner-bg img {\n  object-position: 73% 65%;\n}\n<\/style>\n  <\/div>\n\n\n\n\t<section class=\"section\" id=\"section_2144088717\">\n\t\t<div class=\"section-bg fill\" >\n\t\t\t\t\t\t\t\t\t\n\t\t\t\n\n\t\t<\/div>\n\n\t\t\n\n\t\t<div class=\"section-content relative\">\n\t\t\t\n<div class=\"row\"  id=\"row-1708762167\">\n\n\t<div id=\"col-1160601257\" class=\"col small-12 large-12\"  >\n\t\t\t\t<div class=\"col-inner\"  >\n\t\t\t\n\t\t\t\n<div id=\"row-964831811\" class=\"row\">\n<div id=\"col-2037288552\" class=\"col small-12 large-12\">\n<div class=\"col-inner\">\n<h3>Helfen Sie mit, Greenwashing und Nur PR zu stoppen - stimmen Sie f\u00fcr den Positive Impacts (PI)-Ansatz beim TBLI Better World Prize People\u2018s Choice Award f\u00fcr das beste ESG\/Impact Messsystem<\/h3>\n<p>Eine der gr\u00f6\u00dften Herausforderungen f\u00fcr die Transformation zu einer nachhaltigen Wirtschaft, die wir als Gesellschaft angehen m\u00fcssen, sind Greenwashing und reine PR-Ans\u00e4tze, die zwei Formen annehmen k\u00f6nnen:<\/p>\n<p>&gt; Behauptungen dar\u00fcber, was eine Organisation in Bezug auf Nachhaltigkeit tut \u2013 sind entweder falsch oder suggerieren, dass sie organisationsweit gelten, was nicht der Fall ist<\/p>\n<p>&gt; Behauptungen \u00fcber die Performance von Unternehmen oder Produkten\/Dienstleistungen \u2013 sind entweder falsch oder suggerieren, dass die Behauptung die ganze Geschichte erz\u00e4hlt, w\u00e4hrend relevante Teile der Wertsch\u00f6pfungskette oder andere relevante ESG-Themen au\u00dfen vor bleiben<\/p>\n<p>Wir von Positive Impacts (PI) haben zwei Ans\u00e4tze entwickelt, die die Probleme und deren Ursachen zu adressieren:<\/p>\n<h4>Problem I: \u00dcberwindung von Greenwashing und Nur PR bez\u00fcglich dem, was Organisationen tun<\/h4>\n<p>Die einzige M\u00f6glichkeit, nur PR-Ans\u00e4tze dauerhaft zu \u00fcberwinden, besteht darin, Nachhaltigkeit in die der Strategie und das Kerngesch\u00e4ft eines Unternehmens zu integrieren. Damit dies funktioniert, muss die Nachhaltigkeitsstrategie zu verschiedenen Strategien und Gesch\u00e4ftsmodellen passen. Jeder Einheitsansatz wird nur f\u00fcr ausgew\u00e4hlte Organisationen funktionieren. Bei anderen wird er entweder dazu f\u00fchren, dass sie ihn vort\u00e4uschen (nur PR) oder Marktanteile an die Konkurrenz verlieren, die diesen Ansatz nicht verfolgt. Nicht hilfreich! Aus diesem Grund haben wir das PI Ambition-Level-Konzept entwickelt, das jedem Unternehmen hilft, Nachhaltigkeit\/ESG in jede Strategie zu integrieren. Es bietet f\u00fcnf eindeutige, logische Gesch\u00e4ftsimperative, warum die Integration von ESG je nach Gegebenheiten des Unternehmens sinnvoll sein kann. Es wird sogar einger\u00e4umt, dass es f\u00fcr manche Unternehmen \u00fcberhaupt keinen Sinn macht, mehr zu tun, als gesetzlich vorgeschrieben ist (Keine Ambition). Dies macht \u201cNur PR\u201c-Ans\u00e4tze obsolet und hilft uns, sie zu erkennen!<\/p>\n<\/div>\n<\/div>\n<\/div>\n\t\t<\/div>\n\t\t\t\t\t<\/div>\n\n\t\n\n\t<div id=\"col-1502310398\" class=\"col small-12 large-12\"  >\n\t\t\t\t<div class=\"col-inner\"  >\n\t\t\t\n\t\t\t\n\t<div class=\"img has-hover x md-x lg-x y md-y lg-y\" id=\"image_1734908260\">\n\t\t\t\t\t\t\t\t<div class=\"img-inner dark\" >\n\t\t\t<img loading=\"lazy\" decoding=\"async\" width=\"1129\" height=\"538\" src=\"https:\/\/positive-impacts.com\/wp-content\/uploads\/2022\/11\/Slide1-1.png\" class=\"attachment-original size-original\" alt=\"\" srcset=\"https:\/\/positive-impacts.com\/wp-content\/uploads\/2022\/11\/Slide1-1.png 1128w, https:\/\/positive-impacts.com\/wp-content\/uploads\/2022\/11\/Slide1-1-300x141.png 300w, https:\/\/positive-impacts.com\/wp-content\/uploads\/2022\/11\/Slide1-1-1024x483.png 1024w, https:\/\/positive-impacts.com\/wp-content\/uploads\/2022\/11\/Slide1-1-768x362.png 768w, https:\/\/positive-impacts.com\/wp-content\/uploads\/2022\/11\/Slide1-1-18x8.png 18w\" sizes=\"auto, (max-width: 1129px) 100vw, 1129px\" \/>\t\t\t\t\t\t\n\t\t\t\t\t<\/div>\n\t\t\t\t\t\t\t\t\n<style>\n#image_1734908260 {\n  width: 100%;\n}\n<\/style>\n\t<\/div>\n\t\n\t\t<\/div>\n\t\t\t\t\t<\/div>\n\n\t\n<\/div>\n<div class=\"row\"  id=\"row-796286575\">\n\n\t<div id=\"col-81249072\" class=\"col small-12 large-12\"  >\n\t\t\t\t<div class=\"col-inner\"  >\n\t\t\t\n\t\t\t\n<p>Zu diesem Zweck haben wir eine Bewertungsmethodik entwickelt (das PI Analyse Rahmenwerk), mit dem wir den Managementansatz jeder Organisation bewerten k\u00f6nnen. Angesichts der einzigartigen Methode k\u00f6nnen wir auch Nur-PR-Ans\u00e4tze identifizieren, z.B., wenn die angewendeten Praktiken sehr inkonsistent sind.<\/p>\n\t<div class=\"img has-hover x md-x lg-x y md-y lg-y\" id=\"image_605282646\">\n\t\t\t\t\t\t\t\t<div class=\"img-inner dark\" >\n\t\t\t<img loading=\"lazy\" decoding=\"async\" width=\"1127\" height=\"474\" src=\"https:\/\/positive-impacts.com\/wp-content\/uploads\/2022\/11\/Slide2-1.png\" class=\"attachment-original size-original\" alt=\"\" srcset=\"https:\/\/positive-impacts.com\/wp-content\/uploads\/2022\/11\/Slide2-1.png 1130w, https:\/\/positive-impacts.com\/wp-content\/uploads\/2022\/11\/Slide2-1-300x126.png 300w, https:\/\/positive-impacts.com\/wp-content\/uploads\/2022\/11\/Slide2-1-1024x430.png 1024w, https:\/\/positive-impacts.com\/wp-content\/uploads\/2022\/11\/Slide2-1-768x323.png 768w, https:\/\/positive-impacts.com\/wp-content\/uploads\/2022\/11\/Slide2-1-18x8.png 18w\" sizes=\"auto, (max-width: 1127px) 100vw, 1127px\" \/>\t\t\t\t\t\t\n\t\t\t\t\t<\/div>\n\t\t\t\t\t\t\t\t\n<style>\n#image_605282646 {\n  width: 100%;\n}\n<\/style>\n\t<\/div>\n\t\n<h4>Problem II: \u00dcberwindung von Greenwashing und Nur PR durch eine ganzheitliche  Messung der Performance von Organisationen und Produkten\/Dienstleistungen<\/h4>\n<p>Um Greenwashing und Nur PR Ans\u00e4tze bez\u00fcglich der Nachhaltigkeits-\/ESG-Perfomance zu \u00fcberwinden ist es notwendig, sie ganzheitlich zu messen und hierbei zumindest die gesamte vorgelagerte Wertsch\u00f6pfungskette zu ber\u00fccksichtigen. Heutzutage k\u00f6nnen wir die finanzielle Performance eines jeden Unternehmens vergleichen, selbst von Unternehmen mit v\u00f6llig unterschiedlichen Strategien wie PRADA und Primark, indem wir ihre Ums\u00e4tze, Gewinne und Gewinnmargen betrachten. Aus diesem Grund haben wir vorgeschlagen, die finanziellen KPIs Umsatz und Gewinn aus einer gesellschaftlichen Perspektive zu betrachten: Gesellschaftlicher Wert - als Spiegel f\u00fcr den Umsatz und Gesellschaftlicher Gewinn als Spiegel f\u00fcr den Gewinn, wobei die Gesellschaftliche Gewinnmarge das Verh\u00e4ltnis der beiden Werte ist. Unser vollst\u00e4ndig quantitativer Ansatz berechnet die sozio\u00f6konomischen, \u00f6kologischen und sozialen Auswirkungen eines Unternehmens in der vorgelagerten Wertsch\u00f6pfungskette und in den eigenen Wertsch\u00f6pfung zusammen. Auf diese Weise wird der positive wirtschaftliche Beitrag zusammen mit den damit verbundenen positiven und negativen externen Effekten dargestellt, die auf aus der wissenschaftlichen Forschung abgeleiteten Monetarisierungsfaktoren beruhen.<\/p>\n\t<div class=\"img has-hover x md-x lg-x y md-y lg-y\" id=\"image_1280298330\">\n\t\t\t\t\t\t\t\t<div class=\"img-inner dark\" >\n\t\t\t<img loading=\"lazy\" decoding=\"async\" width=\"1129\" height=\"523\" src=\"https:\/\/positive-impacts.com\/wp-content\/uploads\/2022\/11\/Slide3-1.png\" class=\"attachment-original size-original\" alt=\"\" srcset=\"https:\/\/positive-impacts.com\/wp-content\/uploads\/2022\/11\/Slide3-1.png 1131w, https:\/\/positive-impacts.com\/wp-content\/uploads\/2022\/11\/Slide3-1-300x139.png 300w, https:\/\/positive-impacts.com\/wp-content\/uploads\/2022\/11\/Slide3-1-1024x474.png 1024w, https:\/\/positive-impacts.com\/wp-content\/uploads\/2022\/11\/Slide3-1-768x356.png 768w, https:\/\/positive-impacts.com\/wp-content\/uploads\/2022\/11\/Slide3-1-18x8.png 18w\" sizes=\"auto, (max-width: 1129px) 100vw, 1129px\" \/>\t\t\t\t\t\t\n\t\t\t\t\t<\/div>\n\t\t\t\t\t\t\t\t\n<style>\n#image_1280298330 {\n  width: 100%;\n}\n<\/style>\n\t<\/div>\n\t\n<p>Die Ergebnisse unserer Berechnungen des gesellschaftlichen Werts erm\u00f6glichen es uns, die gesamte Nachhaltigkeits-\/ESG-Performance einer Organisation oder sogar eines (Unternehmens- oder Produkt-)Portfolios in unserer Strategiematrix zu bewerten. Au\u00dferdem erm\u00f6glicht sie auch die Identifizierung von Organisationen\/Portfolios die Netto-Positiv sind und von Investitionsentscheidungen, die zu einer netto-positiven Transformation von Portfolios beitragen (siehe das Beispiel aus unserer Studie unten).<\/p>\n\t<div class=\"img has-hover x md-x lg-x y md-y lg-y\" id=\"image_1808190917\">\n\t\t\t\t\t\t\t\t<div class=\"img-inner dark\" >\n\t\t\t<img loading=\"lazy\" decoding=\"async\" width=\"1124\" height=\"507\" src=\"https:\/\/positive-impacts.com\/wp-content\/uploads\/2022\/11\/Slide4-1.png\" class=\"attachment-original size-original\" alt=\"\" srcset=\"https:\/\/positive-impacts.com\/wp-content\/uploads\/2022\/11\/Slide4-1.png 1130w, https:\/\/positive-impacts.com\/wp-content\/uploads\/2022\/11\/Slide4-1-300x135.png 300w, https:\/\/positive-impacts.com\/wp-content\/uploads\/2022\/11\/Slide4-1-1024x462.png 1024w, https:\/\/positive-impacts.com\/wp-content\/uploads\/2022\/11\/Slide4-1-768x347.png 768w, https:\/\/positive-impacts.com\/wp-content\/uploads\/2022\/11\/Slide4-1-18x8.png 18w\" sizes=\"auto, (max-width: 1124px) 100vw, 1124px\" \/>\t\t\t\t\t\t\n\t\t\t\t\t<\/div>\n\t\t\t\t\t\t\t\t\n<style>\n#image_1808190917 {\n  width: 100%;\n}\n<\/style>\n\t<\/div>\n\t\n<h4>Zusammenfassung - warum Sie f\u00fcr die ESG\/Impact-Ans\u00e4tze von Positive Impacts (PI) stimmen sollten<\/h4>\n<p>Unser ESG\/Impact-Ansatz ist das erste, das sich der Herausforderung stellt, dass es bei der Nachhaltigkeit nicht um Berichterstattung oder Einhaltung von Vorschriften geht, sondern um Performance und die Ver\u00e4nderung der Art und Weise, wie gewirtschaftet wird, in zwei separaten Rahmenwerken. Unsere Ans\u00e4tze sind logisch, f\u00fcr jede Organisation umsetzbar und frei von Impact Washing!<\/p>\n<h4>Die Vision von Positive Impacts (PI)<\/h4>\n<p>Unsere Vision ist eine Marktwirtschaft, die darauf abzielt, den gesellschaftlichen Wert zu steigern und wirtschaftliche Wertsch\u00f6pfung auf Kosten der Gesellschaft und k\u00fcnftiger Generationen zu vermeiden.<\/p>\n<h4>\u00dcber den TBLI Better World Prize<\/h4>\n<p>Der Hintergrund des TBLI-Wettbewerbs ist es, Klarheit und Transparenz in all die verschiedenen Berichtsstandards und Organisationen zu bringen, die sich mit ESG befassen, und die entsprechenden Auswirkungen, die Organisationen erzeugen. TBLI verf\u00fcgt \u00fcber 25 Jahre Erfahrung, hat 40 internationale Veranstaltungen mit \u00fcber 10.000 Teilnehmern organisiert und repr\u00e4sentiert das gr\u00f6\u00dfte Netzwerk von ESG- und Impact-Investoren und Peers. Mit dieser Veranstaltung wird versucht, eine Antwort auf die problematischsten Fragen unserer heutigen Welt zu finden. Dazu geh\u00f6ren soziale und \u00f6kologische Themen wie Klimawandel, Wasserknappheit, Ern\u00e4hrungssicherheit und weltweite Armut. Die besten Informationen \u00fcber ESG und Auswirkungen k\u00f6nnen helfen, die besten Investitionsentscheidungen zu treffen.<\/p>\n<p class=\"translation-block\">Klicken Sie <a href=\"https:\/\/www.runtheworld.today\/app\/invitation\/44459\" target=\"_self\">hier<\/a>, um teilzunehmen.<\/p>\n\t\t<\/div>\n\t\t\t\t\n<style>\n#col-81249072 > .col-inner {\n  margin: -24px 0px 0px 0px;\n}\n<\/style>\n\t<\/div>\n\n\t\n<\/div>\n\t\t<\/div>\n\n\t\t\n<style>\n#section_2144088717 {\n  padding-top: 30px;\n  padding-bottom: 30px;\n}\n<\/style>\n\t<\/section>","protected":false},"excerpt":{"rendered":"","protected":false},"author":1,"featured_media":716,"parent":0,"menu_order":0,"comment_status":"closed","ping_status":"closed","template":"page-blank.php","meta":{"_acf_changed":false,"_seopress_robots_primary_cat":"","_seopress_titles_title":"Understanding of sustainability | positive impacts","_seopress_titles_desc":"Positive economic impacts of business to society is more and more devalued by negative environmental, social and governance (ESG) impacts.","_seopress_robots_index":"","footnotes":""},"class_list":["post-2839","page","type-page","status-publish","has-post-thumbnail","hentry"],"acf":[],"_links":{"self":[{"href":"https:\/\/positive-impacts.com\/de\/wp-json\/wp\/v2\/pages\/2839","targetHints":{"allow":["GET"]}}],"collection":[{"href":"https:\/\/positive-impacts.com\/de\/wp-json\/wp\/v2\/pages"}],"about":[{"href":"https:\/\/positive-impacts.com\/de\/wp-json\/wp\/v2\/types\/page"}],"author":[{"embeddable":true,"href":"https:\/\/positive-impacts.com\/de\/wp-json\/wp\/v2\/users\/1"}],"replies":[{"embeddable":true,"href":"https:\/\/positive-impacts.com\/de\/wp-json\/wp\/v2\/comments?post=2839"}],"version-history":[{"count":5,"href":"https:\/\/positive-impacts.com\/de\/wp-json\/wp\/v2\/pages\/2839\/revisions"}],"predecessor-version":[{"id":2860,"href":"https:\/\/positive-impacts.com\/de\/wp-json\/wp\/v2\/pages\/2839\/revisions\/2860"}],"wp:featuredmedia":[{"embeddable":true,"href":"https:\/\/positive-impacts.com\/de\/wp-json\/wp\/v2\/media\/716"}],"wp:attachment":[{"href":"https:\/\/positive-impacts.com\/de\/wp-json\/wp\/v2\/media?parent=2839"}],"curies":[{"name":"wp","href":"https:\/\/api.w.org\/{rel}","templated":true}]}}