{"id":3,"date":"2020-11-11T14:58:48","date_gmt":"2020-11-11T13:58:48","guid":{"rendered":"http:\/\/positive-impacts.com\/?page_id=3"},"modified":"2022-04-13T09:30:29","modified_gmt":"2022-04-13T07:30:29","slug":"datenschutz","status":"publish","type":"page","link":"https:\/\/positive-impacts.com\/de\/datenschutz\/","title":{"rendered":"Datenschutzerkl\u00e4rung"},"content":{"rendered":"<h1>Datenschutzerkl\u00e4rung<\/h1>\n<p>Der Schutz Ihrer Daten hat f\u00fcr uns besondere Priorit\u00e4t. Mit der nachfolgenden Datenschutzkl\u00e4rung informieren wir Sie \u00fcber die Verarbeitung Ihrer personenbezogenen Daten insbesondere im Zusammenhang mit Ihrem Besuch auf unserer Webseite, der Nutzung unseres Kontaktformulars und weiterer Online-Angebote, wie unserem Newsletter und Ihre Rechte hinsichtlich dieser Datenverarbeitung.<\/p>\n<p>Sollten Sie zur Verarbeitung Ihrer Daten Fragen haben, k\u00f6nnen Sie sich gerne jederzeit unter info@positive-impacts.com an uns wenden.<\/p>\n<h3>1. Verantwortlicher<\/h3>\n<p>Die positive impacts (PI) GmbH, Goethestr. 56, 50968 K\u00f6ln, eingetragen im Handelsregister des Amtsgerichts K\u00f6ln unter der Nr. HRB 103334 (\u201ewir\u201c, \u201euns\u201c) ist Verantwortlicher f\u00fcr die Verarbeitung Ihrer personenbezogenen Daten.<\/p>\n<h3>2. Besuch unserer Website und Statistiken<\/h3>\n<p>Wir verarbeiten personenbezogene Daten auf Grundlage unserer berechtigten Interessen (Art. 6 Abs. 1 lit. f DSGVO), Ihnen \u00fcber unsere Website Informationen zu unserem Unternehmen, unseren Angeboten und Kontaktm\u00f6glichkeiten bereitzustellen und den technisch einwandfreien, sicheren und st\u00f6rungsfreien Betrieb unserer Webseite zu gew\u00e4hrleisten. Dar\u00fcber hinaus erstellen wir anonymisierte Besuchsstatistiken, um unsere Webseite und unser Angebot zu optimieren.<\/p>\n<p>Beim Besuch unserer Webseite werden zu diesen Zwecken insbesondere die folgenden Daten verarbeitet:<\/p>\n<ul>\n<li class=\"bullet-arrow\">Ihre IP-Adresse und die geografische Region, von der aus Sie unsere Webseite aufrufen;<\/li>\n<li class=\"bullet-arrow\">Endger\u00e4te-Informationen wie Ger\u00e4tetyp, Betriebssystem und Internet-Browser;<\/li>\n<li class=\"bullet-arrow\">Internetadresse der angefragten Website;<\/li>\n<li class=\"bullet-arrow\">Internetadresse der zuvor besuchten Website;<\/li>\n<li class=\"bullet-arrow\">Hostname des zugreifenden Rechners;<\/li>\n<li class=\"bullet-arrow\">Datum und Uhrzeit der Anfrage.<\/li>\n<\/ul>\n<p>Diese Daten werden sp\u00e4testens wenige Stunden nach Aufruf unserer Webseite automatisiert gel\u00f6scht bzw. der Personenbezug wird durch Unkenntlichmachung von personenbezogenen Informationen wie Ihrer IP-Adresse entfernt.<\/p>\n<h3>3. Google Analytics f\u00fcr die Erstellung von Besuchsstatistiken<\/h3>\n<p>Wir verarbeiten personenbezogene Daten zur Erstellung von weitergehenden Website-Statistiken und f\u00fcr die Optimierung unserer Website nur, wenn Sie uns hierzu Ihre Einwilligung (Art. 6 Abs. 1 lit. a DSGVO) erteilt haben. F\u00fcr diesen Zweck setzen wir Google Analytics ein und es werden Anfragedaten (siehe unter \u201eBesuch unserer Website und Erstellung von Besuchsstatistiken\u201c) sowie weitere Daten \u00fcber Ihren Besuch (z.B. Besuchsdauer, Besuchshistorie) verarbeitet. Wir haben Google Analytics so konfiguriert, dass IP-Adressen gek\u00fcrzt (sog. anonymizeIP-Funktion) und Besuchsdaten so aggregiert werden, dass wir diese Daten nicht mehr auf eine konkrete Person zur\u00fcckf\u00fchren k\u00f6nnen.<\/p>\n<p>Soweit die Google Ireland Limited und zugeh\u00f6rige Google-Unternehmen die genannten Daten als selbst\u00e4ndig Verantwortlicher zu eigenen Zwecken verarbeiten, finden Sie hierzu weitere Informationen in der <a href=\"https:\/\/policies.google.com\/privacy?hl=de\">Datenschutzerkl\u00e4rung<\/a> und in den Google Analytics <a href=\"https:\/\/support.google.com\/analytics\/answer\/6004245?hl=de\">FAQ<\/a>.<\/p>\n<h3>4. Bereitstellung von Schriftarten-Dateien (Google Web Fonts)<\/h3>\n<p>Wir nutzen sog. Google Web Fonts zum schnelleren, ladezeitoptimierten Aufbau unserer Website (berechtigtes Interesse nach Art. 6 Abs. 1 lit. f DSGVO).<\/p>\n<p>Beim Aufruf unserer Internetseite l\u00e4dt Ihr Browser die eingebetteten Web Fonts in den Browsercache, um Texte und Schriftarten korrekt anzuzeigen. Zu diesem Zweck muss der von Ihnen verwendete Browser eine Verbindung zu den Servern von Google wie der Google Ireland Limited aufnehmen. Dabei werden die im Abschnitt \u201eBesuch unserer Website und Erstellung von Besuchsstatistiken\u201c dargestellten Anfragedaten durch Google zur Bereitstellung der Schriftarten-Dateien verarbeitet. Weitere Informationen zu Google Web Fonts finden Sie in der <a href=\"https:\/\/developers.google.com\/fonts\/faq\">Google Fonts FAQ<\/a> und der Google <a href=\"https:\/\/policies.google.com\/privacy?hl=de\">Datenschutzerkl\u00e4rung<\/a>.<\/p>\n<h3>5. Anfrage per Kontaktformular, E-Mail, Telefon oder Telefax<\/h3>\n<p>Wenn Sie uns \u00fcber unser Kontaktformular, per E-Mail, Telefon oder Telefax kontaktieren, wird Ihre Anfrage einschlie\u00dflich aller enthaltenen personenbezogenen Daten (Kontaktdaten, Vor-\/Nachname, Datum und Uhrzeit, Inhalt der Anfrage) zum Zwecke der Bearbeitung Ihres Anliegens bei uns gespeichert und verarbeitet.<\/p>\n<p>Die Verarbeitung dieser Daten erfolgt auf Grundlage von Art. 6 Abs. 1 lit. b DSGVO, soweit Ihre Anfrage zur Erf\u00fcllung eines Vertrags oder zur Durchf\u00fchrung vorvertraglicher Ma\u00dfnahmen erforderlich ist. In allen \u00fcbrigen F\u00e4llen beruht die Verarbeitung auf unserem berechtigten Interesse an der effektiven Bearbeitung der an uns gerichteten Anfragen (Art. 6 Abs. 1 lit. f DSGVO).<\/p>\n<p>Die von Ihnen an uns per Kontaktanfrage \u00fcbersandten Daten werden wir nur so lange speichern, wie dies f\u00fcr die Bearbeitung Ihres Anliegens erforderlich ist und diese anschlie\u00dfend l\u00f6schen, soweit keine anderweitige Rechtsgrundlage f\u00fcr eine weitere Speicherung vorliegt (z.B. gesetzliche Aufbewahrungspflichten, etwa aus dem Steuerrecht, greifen).<\/p>\n<h3>6. Newsletter<\/h3>\n<p>Wir bieten Ihnen die M\u00f6glichkeit, Newsletter zu unseren Unternehmen und unseren Produkten und Dienstleistungen zu abonnieren. \nDie in diesem Zusammenhang angegebenen Kontaktdaten (z.B. Anrede, Vor-\/Nachname und E-Mail-Adresse) und die erhobenen Versand-\/Nutzungsdaten (z.B. Versand und \u00d6ffnen einer E-Mail) werden von uns ausschlie\u00dflich zum Zweck der Erbringung und Verbesserung unseres Newsletter-Angebots im Rahmen Ihrer daf\u00fcr gegebenen Einwilligung genutzt (Art. 6 Abs. 1 lit. a DSGVO). Zur Best\u00e4tigung Ihrer Anfrage und der angegebenen E-Mail-Adresse verwenden wir das sog. Double-Opt-In-Verfahren. Dabei senden wir eine E-Mail an die von Ihnen angegebene E-Mail-Adresse mit der Bitte um Best\u00e4tigung Ihrer Einwilligung. Im Zusammenhang mit dem Double-Opt-In-Verfahren dokumentieren wir Ihre IP-Adresse sowie Datum und Uhrzeit \u2013 jeweils f\u00fcr die Absendung des Web-Formulars und die Best\u00e4tigung der Double-Opt-In E-Mail.<\/p>\n<p>Sie k\u00f6nnen Ihre Einwilligung jederzeit unentgeltlich mit Wirkung f\u00fcr die Zukunft uns gegen\u00fcber widerrufen, z. B. \u00fcber den in jeder E-Mail enthaltenen Link \u201eAbbestellen\" oder \u00fcber die folgende Webseite:<\/p>\n<p>https:\/\/positive-impacts.us1.list-manage.com\/unsubscribe?u=7fd4f1e597ca4adf4805de309&#038;id=065a21154e<\/p>\n<p>Weitere Informationen zur Geltendmachung Ihrer Rechte finden Sie in dieser Datenschutzerkl\u00e4rung im Abschnitt \u201eIhre Rechte und Kontaktm\u00f6glichkeiten\u201c.<\/p>\n<p>Sobald Sie den Newsletter abbestellen, werden Ihre personenbezogenen Daten in diesem Zusammenhang gel\u00f6scht, sofern keine anderen Aufbewahrungsfristen (z. B. steuerliche Aufbewahrungsfristen) entgegenstehen.<\/p>\n<h3>7. Quick Self-Assessment<\/h3>\n<p>Auf self-assessment.positive-impacts.com bieten wir die M\u00f6glichkeit, mithilfe eines kurzen Fragebogens die aktuelle Integration von Nachhaltigkeit in Ihrem Unternehmen zu bewerten und dies mit dem Markt zu vergleichen. Die daf\u00fcr zur Verf\u00fcgung gestellten Kontaktdaten verwenden wir ausschlie\u00dflich, um Ihnen die Ergebnisse der Analyse zur Verf\u00fcgung zu stellen. Zur Best\u00e4tigung der E-Mail-Adresse verwenden wir das Double-Opt-in-Verfahren.<\/p>\n<h3>8. Gesch\u00e4ftsbeziehungen<\/h3>\n<p>Im Zusammenhang mit den gesch\u00e4ftlichen Beziehungen, die wir zu Ihnen unterhalten, verarbeiten wir personenbezogene Daten zur Vertragserf\u00fcllung (Art. 6 Abs. 1 lit. b DSGVO). Sofern die betroffene Person nicht Vertragspartner ist, haben wir ein berechtigtes Interesse an der Verarbeitung (Art.6 Abs. 1 lit. f DSGVO), um bestimmte Aufgaben im Zusammenhang mit dem Betrieb unseres Unternehmens zu erf\u00fcllen, beispielsweise die Pflege unserer Gesch\u00e4ftsbeziehungen, Rechnungslegung und f\u00fcr steuerliche Zwecke. Dar\u00fcber hinaus verarbeiten wir die personenbezogenen Daten, um unsere rechtlichen Pflichten gem\u00e4\u00df den jeweils anwendbaren Gesetzen zu erf\u00fcllen (Art. 6 Abs. 1 lit. c DSGVO).<\/p>\n<p>Welche Arten von personenbezogenen Daten wir dabei verarbeiten, h\u00e4ngt entscheidend von den jeweiligen Gesch\u00e4ftsbeziehungen ab. \u00dcblicherweise werden Kontaktinformationen der ma\u00dfgeblichen Ansprechpartner oder Informationen \u00fcber die Stellung oder das Verhalten von Personen, die in Bezug auf die Gesch\u00e4ftsbeziehungen relevant sind, verarbeitet.<\/p>\n<p>Wir bewahren personenbezogene Daten nur so lange auf, wie es hierf\u00fcr eine rechtliche Grundlage gibt. Wir pr\u00fcfen regelm\u00e4\u00dfig, ob die rechtlichen Voraussetzungen f\u00fcr eine weitere Speicherung noch vorliegen. Sollte die \u00dcberpr\u00fcfung ergeben, dass kein Rechtsgrund f\u00fcr die weitere Aufbewahrung der Daten im Zusammenhang mit den jeweiligen Gesch\u00e4ftsbeziehungen vorliegt, werden wir personenbezogene Daten sicher l\u00f6schen oder anonymisieren. Sollten Sie n\u00e4here Informationen zur Speicherdauer bestimmter Daten w\u00fcnschen, k\u00f6nnen Sie sich jederzeit gerne an uns wenden.<\/p>\n<h3>9. Begrenzung der Datenverarbeitung<\/h3>\n<p>In allen F\u00e4llen, in denen wir personenbezogene Daten verarbeiten, begrenzen wir diese Verarbeitung auf das f\u00fcr die Erreichung des jeweiligen Verarbeitungszwecks notwendige Mindestma\u00df. Das bedeutet auch, dass wir Daten l\u00f6schen oder anonymisieren, sobald diese f\u00fcr die Erreichung des jeweiligen Verarbeitungszwecks nicht mehr erforderlich sind, es sei denn, es besteht eine rechtliche Grundlage f\u00fcr die weitere Speicherung, z.B. eine gesetzliche (etwa steuerrechtliche) Aufbewahrungspflicht.<\/p>\n<h3>10. Mit wem teilen wir Ihre Daten<\/h3>\n<p>Wir arbeiten mit Dienstleistern (z.B. Webhostern) zusammen, die in diesem Zusammenhang Zugriff auf personenbezogene Daten erhalten.<\/p>\n<p>In Bezug auf unsere Website geh\u00f6rt hierzu insbesondere der Webhoster 1&amp;1 IONOS SE mit Sitz in Deutschland. In Bezug auf unseren Newsletter ist das Mailchimp, f\u00fcr unser CRM mit dem wir unsere Kontakte managen ist es Hubspot, beide mit Sitz in den USA. Die Plattform f\u00fcr das Quick Self-Assessment wird von Harding Scott Ltd. mit Sitz in Gro\u00dfbritannien betrieben. Diese Dienstleister verarbeiten Ihre Daten in unserem Auftrag und ausschlie\u00dflich nach unseren Weisungen auf Grundlage eines Auftragsverarbeitungsvertrags (Art. 28 DSGVO).<\/p>\n<p>Au\u00dferdem arbeiten wir mit Google Ireland Limited mit Sitz in Irland sowie der Google LLC mit Sitz in den USA und Google-Tochterunternehmen (Google) zusammen. Soweit Google Verarbeitungen zu eigenen Zwecken vornimmt, ist Google eigenst\u00e4ndig Verantwortlicher. Weitere Informationen zu Verarbeitungen durch Google finden Sie in der <a href=\"https:\/\/policies.google.com\/privacy?hl=de\">Google Datenschutzerkl\u00e4rung<\/a>.<\/p>\n<h3>11. Datenverarbeitung in L\u00e4ndern au\u00dferhalb der Europ\u00e4ischen Union \/ des Europ\u00e4ischen Wirtschaftsraums<\/h3>\n<p>Soweit im Einzelfall personenbezogene Daten durch einen au\u00dferhalb des Geltungsbereichs der DSGVO ans\u00e4ssigen Dienstleister verarbeitet werden, haben wir mit geeigneten Garantien daf\u00fcr Sorge getragen, dass jederzeit ein hohes Schutzniveau Ihrer personenbezogenen Daten gew\u00e4hrleistet ist. Beispielsweise haben wir mit den relevanten Dienstleistern sog. EU-Standardvertragsklauseln abgeschlossen. Diese Standardvertragsklauseln sind von der Europ\u00e4ischen Kommission bereitgestellte Vertragsregeln, deren Verwendung ein hohes Datenschutzniveau sicherstellt. Die Muster-Standardvertragsklauseln und weitere Informationen zu deren Verwendung k\u00f6nnen Sie abrufen auf der Seite der <a href=\"https:\/\/ec.europa.eu\/info\/law\/law-topic\/data-protection\/international-dimension-data-protection\/standard-contractual-clauses-scc_en\">Europ\u00e4ischen Kommission<\/a> .<\/p>\n<p>Derzeit kann es nur zu Verarbeitungen personenbezogener Daten auf Servern in den USA durch unseren Dienstleister Google (Google Ireland Limited bzw. Google LLC und Tochterunternehmen) sowie Mailchimp und Hubspot kommen. Mit Google, Hubspot und Mailchimp haben wir EU-Standardvertragsklauseln abgeschlossen.<\/p>\n<p>Wenn Sie n\u00e4here Informationen zu den von uns verwendeten Garantien oder zu den L\u00e4ndern w\u00fcnschen, in denen wir personenbezogene Daten verarbeiten lassen, k\u00f6nnen Sie sich jederzeit gerne an uns wenden.<\/p>\n<h3>12. Ihre Rechte und Kontaktm\u00f6glichkeiten<\/h3>\n<p>Bez\u00fcglich der Verarbeitung Ihrer personenbezogenen Daten stehen Ihnen bei Vorliegen der gesetzlichen Voraussetzungen die folgenden Rechte zu:<\/p>\n<ul>\n<li class=\"bullet-arrow\">Das Recht, Auskunft \u00fcber die Verarbeitung Ihrer personenbezogenen Daten zu erhalten (Art. 15 DSGVO);<\/li>\n<li class=\"bullet-arrow\">Das Recht, die Berichtigung unrichtiger bzw. unvollst\u00e4ndiger Daten zu verlangen (Art. 16 DSGVO);<\/li>\n<li class=\"bullet-arrow\">Das Recht, die L\u00f6schung Ihrer Daten zu verlangen (Art. 17 DSGVO);<\/li>\n<li class=\"bullet-arrow\">Das Recht, die Einschr\u00e4nkung der Verarbeitung Ihrer Daten zu verlangen (Art. 18 DSGVO);<\/li>\n<li class=\"bullet-arrow\">Sofern die Datenverarbeitung auf der Grundlage eine Einwilligung oder einer Vertragserf\u00fcllung beruht und diese zudem unter Einsatz einer automatisierten Verarbeitung erfolgt, haben Sie das Recht, Ihre Daten in einem strukturierten, g\u00e4ngigem und maschinenlesbaren Format zu erhalten und diese an einen anderen Datenverarbeiter zu \u00fcbermitteln (Art. 20 DSGVO);<\/li>\n<li class=\"bullet-arrow\"><strong>Sofern die Verarbeitung aufgrund eines berechtigten Interesses der positive impacts (PI) GmbH oder eines Dritten erfolgt oder im \u00f6ffentlichen Interesse liegt oder in Aus\u00fcbung \u00f6ffentlicher Gewalt erfolgt, haben Sie das Recht, der Verarbeitung Ihrer Daten aus Gr\u00fcnden zu widersprechen, die sich aus Ihrer besonderen Situation ergeben. Daneben haben Sie das Recht, der Datenverarbeitung zu Zwecken der Direktwerbung zu widersprechen. Das gilt auch f\u00fcr Profiling, soweit es mit der Direktwerbung zusammenh\u00e4ngt. (Art. 21 DSGVO). <\/strong><\/li>\n<li class=\"bullet-arrow\">Sofern die Datenverarbeitung auf einer Einwilligung beruht, haben Sie das Recht, diese Einwilligung mit Wirkung f\u00fcr die Zukunft jederzeit kostenlos zu widerrufen, wobei die Rechtsm\u00e4\u00dfigkeit der bis zu einem solchen Widerruf erfolgten Einwilligung von einem solchen Widerruf unber\u00fchrt bleibt.<\/li>\n<li class=\"bullet-arrow\">Im \u00dcbrigen steht Ihnen hinsichtlich der Verarbeitung Ihrer Daten ein Beschwerderecht bei einer zust\u00e4ndigen Aufsichtsbeh\u00f6rde zu (Art. 77 DSGVO).<\/li>\n<\/ul>\n<p>Sie k\u00f6nnen sich f\u00fcr eine solche Beschwerde z.B. wenden an:<\/p>\n<p><strong>Landesbeauftragte f\u00fcr Datenschutz und Informationsfreiheit Nordrhein-Westfalen<\/strong><\/p>\n<p>Postfach 20 04 44, 40102 D\u00fcsseldorf<br \/>Tel.: 0211\/38424-0<br \/>Fax: 0211\/38424-999<br \/>E-mail: poststelle@ldi.nrw.de<br \/>Website: https:\/\/www.ldi.nrw.de\/<\/p>\n<p>Sollten Sie Fragen, Feedback oder sonstige Anregungen haben, sprechen Sie uns gerne jederzeit an oder schreiben Sie uns eine E-Mail an <a href=\"mailto:info@positive-impacts.com\">info@positive-impacts.com<\/a>.<\/p>","protected":false},"excerpt":{"rendered":"<p>Privacy policy The protection of your data is a particular priority for us. With the following data protection statement, we inform you about the processing of your personal data, especially in connection with your visit to our website, the use of our contact form and other online offers, such as our newsletter, and your rights [&#8230;]\n","protected":false},"author":1,"featured_media":0,"parent":0,"menu_order":0,"comment_status":"closed","ping_status":"open","template":"","meta":{"_acf_changed":false,"_seopress_robots_primary_cat":"","_seopress_titles_title":"Privacy policy  %%sep%% positive impacts - creating societal value","_seopress_titles_desc":"","_seopress_robots_index":"","footnotes":""},"class_list":["post-3","page","type-page","status-publish","hentry"],"acf":[],"_links":{"self":[{"href":"https:\/\/positive-impacts.com\/de\/wp-json\/wp\/v2\/pages\/3","targetHints":{"allow":["GET"]}}],"collection":[{"href":"https:\/\/positive-impacts.com\/de\/wp-json\/wp\/v2\/pages"}],"about":[{"href":"https:\/\/positive-impacts.com\/de\/wp-json\/wp\/v2\/types\/page"}],"author":[{"embeddable":true,"href":"https:\/\/positive-impacts.com\/de\/wp-json\/wp\/v2\/users\/1"}],"replies":[{"embeddable":true,"href":"https:\/\/positive-impacts.com\/de\/wp-json\/wp\/v2\/comments?post=3"}],"version-history":[{"count":9,"href":"https:\/\/positive-impacts.com\/de\/wp-json\/wp\/v2\/pages\/3\/revisions"}],"predecessor-version":[{"id":1725,"href":"https:\/\/positive-impacts.com\/de\/wp-json\/wp\/v2\/pages\/3\/revisions\/1725"}],"wp:attachment":[{"href":"https:\/\/positive-impacts.com\/de\/wp-json\/wp\/v2\/media?parent=3"}],"curies":[{"name":"wp","href":"https:\/\/api.w.org\/{rel}","templated":true}]}}